{"id":1628,"date":"2018-10-06T14:55:08","date_gmt":"2018-10-06T13:55:08","guid":{"rendered":"https:\/\/www.locationvacances-lessablesdolonne.com\/en\/?page_id=1628"},"modified":"2018-10-06T14:55:08","modified_gmt":"2018-10-06T13:55:08","slug":"clevacances-vendee","status":"publish","type":"page","link":"https:\/\/www.locationvacances-lessablesdolonne.com\/en\/clevacances-vendee\/","title":{"rendered":"Cl\u00e9Vacances Vend\u00e9e"},"content":{"rendered":"<h1 class=\"title\">\u00a0Le label des vacances de qualit\u00e9<\/h1>\n<div id=\"content\">\n<div class=\"row\">\n<div class=\"col-xs-12\">\n<p>Cl\u00e9vacances est le <strong>1<sup>er<\/sup> label de qualit\u00e9 g\u00e9n\u00e9raliste<\/strong> pour la location saisonni\u00e8re en France. Cl\u00e9vacances contr\u00f4le et assure la promotion des h\u00e9bergements touristiques de qualit\u00e9.<\/p>\n<p>Nos Villas sont labellis\u00e9s 4 cl\u00e9s aux Sables d&#8217;Olonne en Vend\u00e9e, vous garantissant des \u00e9quipements et environnement exceptionnels : piscine privee, plage,<\/p>\n<p>Un seul imp\u00e9ratif : la Qualit\u00e9!<\/p>\n<\/div>\n<\/div>\n<div class=\"row\">\n<div class=\"col-xs-12\">\n<h2>Le r\u00e9seau Cl\u00e9vacances, c&#8217;est :<\/h2>\n<\/div>\n<\/div>\n<div class=\"row\">\n<div class=\"col-xs-12\"><img decoding=\"async\" loading=\"lazy\" src=\"http:\/\/www.clevacances.com\/assets\/img\/le-reseau-clevacances.jpg\" alt=\"le reseau clevacances\" width=\"960\" height=\"314\" \/><\/div>\n<\/div>\n<div class=\"row\">\n<div class=\"col-xs-12\">\n<h2>Pourquoi choisir Cl\u00e9vacances ?<\/h2>\n<p>Cl\u00e9vacances, c&#8217;est la garantie de vacances r\u00e9ussies, sans mauvaise suprise \u00e0 l&#8217;arriv\u00e9e !<br \/>\nChacune des locations et chambres d&#8217;h\u00f4tes a subi une visite de labellisation, pour v\u00e9rifier sa conformit\u00e9 avec l\u2019exigeante charte de qualit\u00e9 Cl\u00e9vacances. Celle-ci comporte pr\u00e8s de 200 crit\u00e8res : confort et \u00e9quipements, situation et environnement, accueil et assistance&#8230; Par la suite, une visite de contr\u00f4le intervient tous les 3 ans.<\/p>\n<p>Les annonces Cl\u00e9vacances sont reconnaissables \u00e0 leurs cl\u00e9s, qui attestent du niveau de confort et de prestation offert.<\/p>\n<\/div>\n<\/div>\n<div class=\"row\">\n<div class=\"col-xs-12\"><img decoding=\"async\" loading=\"lazy\" src=\"http:\/\/www.clevacances.com\/assets\/img\/le-rating-clevacances.jpg\" alt=\"le rating clevacances\" width=\"954\" height=\"117\" \/><\/div>\n<\/div>\n<\/div>\n<p><strong><a href=\"http:\/\/www.locationvacances-lessablesdolonne.com\/wp-content\/uploads\/2014\/10\/picto_4cles.png\" data-rel=\"lightbox-image-0\" data-rl_title=\"\" data-rl_caption=\"\" title=\"\"><img decoding=\"async\" loading=\"lazy\" class=\"alignleft size-medium wp-image-1112\" src=\"http:\/\/www.locationvacances-lessablesdolonne.com\/wp-content\/uploads\/2014\/10\/picto_4cles-300x117.png\" alt=\"picto_4cles\" width=\"300\" height=\"117\" srcset=\"https:\/\/www.locationvacances-lessablesdolonne.com\/wp-content\/uploads\/2014\/10\/picto_4cles-300x117.png 300w, https:\/\/www.locationvacances-lessablesdolonne.com\/wp-content\/uploads\/2014\/10\/picto_4cles.png 1000w\" sizes=\"(max-width: 300px) 100vw, 300px\" \/><\/a>CONTACTEZ-NOUS !<\/strong><\/p>\n<!-- AddThis Advanced Settings generic via filter on the_content --><!-- AddThis Share Buttons generic via filter on the_content -->","protected":false},"excerpt":{"rendered":"<p>\u00a0Le label des vacances de qualit\u00e9 Cl\u00e9vacances est le 1er label de qualit\u00e9 g\u00e9n\u00e9raliste pour la location saisonni\u00e8re en France. Cl\u00e9vacances contr\u00f4le et assure la promotion des h\u00e9bergements touristiques de&#8230;<!-- AddThis Advanced Settings generic via filter on get_the_excerpt --><!-- AddThis Share Buttons generic via filter on get_the_excerpt --><\/p>\n","protected":false},"author":1,"featured_media":0,"parent":0,"menu_order":25,"comment_status":"closed","ping_status":"closed","template":"","meta":[],"_links":{"self":[{"href":"https:\/\/www.locationvacances-lessablesdolonne.com\/en\/wp-json\/wp\/v2\/pages\/1628"}],"collection":[{"href":"https:\/\/www.locationvacances-lessablesdolonne.com\/en\/wp-json\/wp\/v2\/pages"}],"about":[{"href":"https:\/\/www.locationvacances-lessablesdolonne.com\/en\/wp-json\/wp\/v2\/types\/page"}],"author":[{"embeddable":true,"href":"https:\/\/www.locationvacances-lessablesdolonne.com\/en\/wp-json\/wp\/v2\/users\/1"}],"replies":[{"embeddable":true,"href":"https:\/\/www.locationvacances-lessablesdolonne.com\/en\/wp-json\/wp\/v2\/comments?post=1628"}],"version-history":[{"count":0,"href":"https:\/\/www.locationvacances-lessablesdolonne.com\/en\/wp-json\/wp\/v2\/pages\/1628\/revisions"}],"wp:attachment":[{"href":"https:\/\/www.locationvacances-lessablesdolonne.com\/en\/wp-json\/wp\/v2\/media?parent=1628"}],"curies":[{"name":"wp","href":"https:\/\/api.w.org\/{rel}","templated":true}]}}