{"id":1630,"date":"2018-10-06T14:55:38","date_gmt":"2018-10-06T13:55:38","guid":{"rendered":"https:\/\/www.locationvacances-lessablesdolonne.com\/en\/?page_id=1630"},"modified":"2018-10-06T14:55:38","modified_gmt":"2018-10-06T13:55:38","slug":"mentions-legales","status":"publish","type":"page","link":"https:\/\/www.locationvacances-lessablesdolonne.com\/en\/mentions-legales\/","title":{"rendered":"Mentions l\u00e9gales"},"content":{"rendered":"<p><strong>Ce site Internet est \u00e9dit\u00e9 par\u00a0Mme Rambaud<\/strong><br \/>\n<strong>14 avenue du Colombier &#8211; 85180 Le Ch\u00e2teau d&#8217;Olonne<\/strong><\/p>\n<p><strong> DROITS D\u2019AUTEUR\/COPYRIGHT\u00a0: <\/strong><\/p>\n<p>&#8220;Ma vie l\u00e0&#8221;\u00a0 a ouvert ce site pour l\u2019information personnelle de ses utilisateurs. Aucune exploitation commerciale m\u00eame partielle de son contenu, ses donn\u00e9es chiffr\u00e9es ou non, qui y sont pr\u00e9sent\u00e9es, ne pourra \u00eatre effectu\u00e9e sans l\u2019accord pr\u00e9alable et \u00e9crit de &#8220;Ma vie l\u00e0&#8221;<\/p>\n<p>L\u2019ensemble de ce site constitue une \u0153uvre prot\u00e9g\u00e9e par les lois en vigueur sur la propri\u00e9t\u00e9 intellectuelle. Aucune reproduction et\/ou repr\u00e9sentation, partielle ou int\u00e9grale, ne pourra \u00eatre faite sans l\u2019accord pr\u00e9alable et \u00e9crit de &#8220;Ma vie l\u00e0&#8221;<\/p>\n<p>La d\u00e9nomination &#8220;Ma vie l\u00e0&#8221;, le logo, les slogans, sont, sauf indication particuli\u00e8re, des marques d\u00e9pos\u00e9es par &#8220;Ma vie l\u00e0&#8221;<\/p>\n<p>Toute reproduction, utilisation et\/ou modification qui en serait faite sans l\u2019accord pr\u00e9alable et \u00e9crit de &#8220;Ma vie l\u00e0&#8221; est susceptible d\u2019en constituer la contrefa\u00e7on et d\u2019\u00eatre poursuivi devant les tribunaux comp\u00e9tents.<\/p>\n<p>L\u2019ensemble des \u00e9l\u00e9ments graphiques, des campagnes de communication, affiche, films, dessins, photographies, images, textes, s\u00e9quences anim\u00e9es sonores ou non, logos, marque, noms de produits, repr\u00e9sent\u00e9s sur ce site Internet sont prot\u00e9g\u00e9s par le code de la propri\u00e9t\u00e9 Intellectuelle et sont propri\u00e9t\u00e9 de &#8220;Ma vie l\u00e0&#8221;. A ce titre, tout t\u00e9l\u00e9chargement, toute reproduction, repr\u00e9sentation, adaptation, traduction, et\/ou transformation, partielles ou int\u00e9grales, ou transfert sur un autre ou sur quelque autre support (papier, support num\u00e9rique, film, etc\u2026) sont strictement interdits.<\/p>\n<p>Les liens hypertextes mis en place dans le cadre du pr\u00e9sent site et les contenus des sites de tiers vers lesquels ils pointent ne sauraient engager la responsabilit\u00e9 de &#8220;Ma vie l\u00e0&#8221;<\/p>\n<p><strong>CONCEPTION ET H\u00c9BERGEMENT DU SITE\u00a0:<\/strong><\/p>\n<p>Agence GBFL<br \/>\nZI Sud La Folie &#8211; Rue Charles Tellier &#8211; 85310 LA CHAIZE LE VICOMTE<br \/>\nT\u00e9l: \u00a002 51 07 34 96<br \/>\nWeb : <a href=\"http:\/\/www.gbfl.fr\" target=\"_blank\">www.gbfl.fr<\/a><\/p>\n<p><strong>CR\u00c9DITS PHOTOS\u00a0:<\/strong>&#8220;Ma Vie l\u00e0&#8221; &amp; Fotolia<\/p>\n<!-- AddThis Advanced Settings generic via filter on the_content --><!-- AddThis Share Buttons generic via filter on the_content -->","protected":false},"excerpt":{"rendered":"<p>Ce site Internet est \u00e9dit\u00e9 par\u00a0Mme Rambaud 14 avenue du Colombier &#8211; 85180 Le Ch\u00e2teau d&#8217;Olonne DROITS D\u2019AUTEUR\/COPYRIGHT\u00a0: &#8220;Ma vie l\u00e0&#8221;\u00a0 a ouvert ce site pour l\u2019information personnelle de ses&#8230;<!-- AddThis Advanced Settings generic via filter on get_the_excerpt --><!-- AddThis Share Buttons generic via filter on get_the_excerpt --><\/p>\n","protected":false},"author":1,"featured_media":0,"parent":0,"menu_order":30,"comment_status":"closed","ping_status":"closed","template":"","meta":[],"_links":{"self":[{"href":"https:\/\/www.locationvacances-lessablesdolonne.com\/en\/wp-json\/wp\/v2\/pages\/1630"}],"collection":[{"href":"https:\/\/www.locationvacances-lessablesdolonne.com\/en\/wp-json\/wp\/v2\/pages"}],"about":[{"href":"https:\/\/www.locationvacances-lessablesdolonne.com\/en\/wp-json\/wp\/v2\/types\/page"}],"author":[{"embeddable":true,"href":"https:\/\/www.locationvacances-lessablesdolonne.com\/en\/wp-json\/wp\/v2\/users\/1"}],"replies":[{"embeddable":true,"href":"https:\/\/www.locationvacances-lessablesdolonne.com\/en\/wp-json\/wp\/v2\/comments?post=1630"}],"version-history":[{"count":0,"href":"https:\/\/www.locationvacances-lessablesdolonne.com\/en\/wp-json\/wp\/v2\/pages\/1630\/revisions"}],"wp:attachment":[{"href":"https:\/\/www.locationvacances-lessablesdolonne.com\/en\/wp-json\/wp\/v2\/media?parent=1630"}],"curies":[{"name":"wp","href":"https:\/\/api.w.org\/{rel}","templated":true}]}}