{"id":1831,"date":"2019-02-24T19:20:06","date_gmt":"2019-02-24T18:20:06","guid":{"rendered":"https:\/\/www.locationvacances-lessablesdolonne.com\/en\/reservation\/"},"modified":"2025-06-27T12:47:39","modified_gmt":"2025-06-27T11:47:39","slug":"reservation-2","status":"publish","type":"page","link":"https:\/\/www.locationvacances-lessablesdolonne.com\/en\/reservation-2\/","title":{"rendered":"Disponibilit\u00e9s et r\u00e9servations en ligne !"},"content":{"rendered":"<p>&nbsp;<\/p>\n<p>&nbsp;<\/p>\n<p><span style=\"text-decoration: underline;\">Vous souhaitez r\u00e9server l&#8217;une de nos Villas ou appartement pour un s\u00e9jour aux Sables d&#8217;Olonne en Vend\u00e9e :<\/span><\/p>\n<p><span style=\"color: #00ccff;\"><strong>PROFITEZ DE NOS OFFRES exclusives\u00a0 :<\/strong><\/span><\/p>\n<p><a href=\"https:\/\/www.locationvacances-lessablesdolonne.com\/wp-content\/uploads\/2019\/02\/reservation-en-ligne-location-vacances-les-sables-d-olonne.jpg\" data-rel=\"lightbox-image-0\" data-rl_title=\"\" data-rl_caption=\"\" title=\"\"><img decoding=\"async\" loading=\"lazy\" class=\"alignleft wp-image-2780\" src=\"https:\/\/www.locationvacances-lessablesdolonne.com\/wp-content\/uploads\/2019\/02\/reservation-en-ligne-location-vacances-les-sables-d-olonne-150x150.jpg\" alt=\"reservation-en-ligne-location-vacances-les-sables-d-olonne\" width=\"220\" height=\"220\" srcset=\"https:\/\/www.locationvacances-lessablesdolonne.com\/wp-content\/uploads\/2019\/02\/reservation-en-ligne-location-vacances-les-sables-d-olonne-150x150.jpg 150w, https:\/\/www.locationvacances-lessablesdolonne.com\/wp-content\/uploads\/2019\/02\/reservation-en-ligne-location-vacances-les-sables-d-olonne-208x208.jpg 208w\" sizes=\"(max-width: 220px) 100vw, 220px\" \/><\/a><\/p>\n<h3><div class=\"rl-gallery-container rl-loading\" id=\"rl-gallery-container-1\" data-gallery_id=\"1576\"> <div class=\"rl-gallery rl-basicgrid-gallery rl-hover-icon-2\" id=\"rl-gallery-1\" data-gallery_no=\"1\"> <div class=\"rl-gallery-item\"><a href=\"https:\/\/www.locationvacances-lessablesdolonne.com\/wp-content\/uploads\/2018\/05\/fa\u00e7ade-1-tanchet.jpg\" title=\"\" data-rl_title=\"\" class=\"rl-gallery-link\" data-rl_caption=\"\" data-rel=\"lightbox-gallery-1\"><img src=\"https:\/\/www.locationvacances-lessablesdolonne.com\/wp-content\/uploads\/2018\/05\/fa\u00e7ade-1-tanchet-150x150.jpg\" width=\"150\" height=\"150\" alt=\"\"\/><\/a><\/div><div class=\"rl-gallery-item\"><a href=\"https:\/\/www.locationvacances-lessablesdolonne.com\/wp-content\/uploads\/2018\/05\/IMG_1114-e1616567297130.jpg\" title=\"\" data-rl_title=\"\" class=\"rl-gallery-link\" data-rl_caption=\"\" data-rel=\"lightbox-gallery-1\"><img src=\"https:\/\/www.locationvacances-lessablesdolonne.com\/wp-content\/uploads\/2018\/05\/IMG_1114-e1616567297130-150x150.jpg\" width=\"150\" height=\"150\" alt=\"\"\/><\/a><\/div><div class=\"rl-gallery-item\"><a href=\"https:\/\/www.locationvacances-lessablesdolonne.com\/wp-content\/uploads\/2018\/05\/IMG_2213.jpg\" title=\"\" data-rl_title=\"\" class=\"rl-gallery-link\" data-rl_caption=\"\" data-rel=\"lightbox-gallery-1\"><img src=\"https:\/\/www.locationvacances-lessablesdolonne.com\/wp-content\/uploads\/2018\/05\/IMG_2213-150x150.jpg\" width=\"150\" height=\"150\" alt=\"\"\/><\/a><\/div><div class=\"rl-gallery-item\"><a href=\"https:\/\/www.locationvacances-lessablesdolonne.com\/wp-content\/uploads\/2018\/05\/IMG_2897.jpg\" title=\"\" data-rl_title=\"\" class=\"rl-gallery-link\" data-rl_caption=\"\" data-rel=\"lightbox-gallery-1\"><img src=\"https:\/\/www.locationvacances-lessablesdolonne.com\/wp-content\/uploads\/2018\/05\/IMG_2897-150x150.jpg\" width=\"150\" height=\"150\" alt=\"\"\/><\/a><\/div><div class=\"rl-gallery-item\"><a href=\"https:\/\/www.locationvacances-lessablesdolonne.com\/wp-content\/uploads\/2018\/05\/IMG_2906.jpg\" title=\"\" data-rl_title=\"\" class=\"rl-gallery-link\" data-rl_caption=\"\" data-rel=\"lightbox-gallery-1\"><img src=\"https:\/\/www.locationvacances-lessablesdolonne.com\/wp-content\/uploads\/2018\/05\/IMG_2906-150x150.jpg\" width=\"150\" height=\"150\" alt=\"\"\/><\/a><\/div><div class=\"rl-gallery-item\"><a href=\"https:\/\/www.locationvacances-lessablesdolonne.com\/wp-content\/uploads\/2018\/05\/IMG_1806.jpg\" title=\"\" data-rl_title=\"\" class=\"rl-gallery-link\" data-rl_caption=\"\" data-rel=\"lightbox-gallery-1\"><img src=\"https:\/\/www.locationvacances-lessablesdolonne.com\/wp-content\/uploads\/2018\/05\/IMG_1806-150x150.jpg\" width=\"150\" height=\"150\" alt=\"\"\/><\/a><\/div><div class=\"rl-gallery-item\"><a href=\"https:\/\/www.locationvacances-lessablesdolonne.com\/wp-content\/uploads\/2018\/05\/Plage-de-Tanchet.jpg\" title=\"\" data-rl_title=\"\" class=\"rl-gallery-link\" data-rl_caption=\"\" data-rel=\"lightbox-gallery-1\"><img src=\"https:\/\/www.locationvacances-lessablesdolonne.com\/wp-content\/uploads\/2018\/05\/Plage-de-Tanchet-150x150.jpg\" width=\"150\" height=\"150\" alt=\"\"\/><\/a><\/div><div class=\"rl-gallery-item\"><a href=\"https:\/\/www.locationvacances-lessablesdolonne.com\/wp-content\/uploads\/2018\/05\/IMG_1530.jpg\" title=\"\" data-rl_title=\"\" class=\"rl-gallery-link\" data-rl_caption=\"\" data-rel=\"lightbox-gallery-1\"><img src=\"https:\/\/www.locationvacances-lessablesdolonne.com\/wp-content\/uploads\/2018\/05\/IMG_1530-150x150.jpg\" width=\"150\" height=\"150\" alt=\"\"\/><\/a><\/div><div class=\"rl-gallery-item\"><a href=\"https:\/\/www.locationvacances-lessablesdolonne.com\/wp-content\/uploads\/2018\/05\/IMG_1397.jpg\" title=\"\" data-rl_title=\"\" class=\"rl-gallery-link\" data-rl_caption=\"\" data-rel=\"lightbox-gallery-1\"><img src=\"https:\/\/www.locationvacances-lessablesdolonne.com\/wp-content\/uploads\/2018\/05\/IMG_1397-150x150.jpg\" width=\"150\" height=\"150\" alt=\"\"\/><\/a><\/div><div class=\"rl-gallery-item\"><a href=\"https:\/\/www.locationvacances-lessablesdolonne.com\/wp-content\/uploads\/2019\/04\/IMG_14753.jpg\" title=\"\" data-rl_title=\"\" class=\"rl-gallery-link\" data-rl_caption=\"\" data-rel=\"lightbox-gallery-1\"><img src=\"https:\/\/www.locationvacances-lessablesdolonne.com\/wp-content\/uploads\/2019\/04\/IMG_14753-150x150.jpg\" width=\"150\" height=\"150\" alt=\"\"\/><\/a><\/div><div class=\"rl-gallery-item\"><a href=\"https:\/\/www.locationvacances-lessablesdolonne.com\/wp-content\/uploads\/2019\/04\/IMG_2980.jpg\" title=\"\" data-rl_title=\"\" class=\"rl-gallery-link\" data-rl_caption=\"\" data-rel=\"lightbox-gallery-1\"><img src=\"https:\/\/www.locationvacances-lessablesdolonne.com\/wp-content\/uploads\/2019\/04\/IMG_2980-150x150.jpg\" width=\"150\" height=\"150\" alt=\"\"\/><\/a><\/div><div class=\"rl-gallery-item\"><a href=\"https:\/\/www.locationvacances-lessablesdolonne.com\/wp-content\/uploads\/2019\/04\/IMG_1501.jpg\" title=\"\" data-rl_title=\"\" class=\"rl-gallery-link\" data-rl_caption=\"\" data-rel=\"lightbox-gallery-1\"><img src=\"https:\/\/www.locationvacances-lessablesdolonne.com\/wp-content\/uploads\/2019\/04\/IMG_1501-150x150.jpg\" width=\"150\" height=\"150\" alt=\"\"\/><\/a><\/div><div class=\"rl-gallery-item\"><a href=\"https:\/\/www.locationvacances-lessablesdolonne.com\/wp-content\/uploads\/2019\/04\/cuicine-hotte-estampes-tanchet-e1616567667358.jpg\" title=\"\" data-rl_title=\"\" class=\"rl-gallery-link\" data-rl_caption=\"\" data-rel=\"lightbox-gallery-1\"><img src=\"https:\/\/www.locationvacances-lessablesdolonne.com\/wp-content\/uploads\/2019\/04\/cuicine-hotte-estampes-tanchet-e1616567667358-150x150.jpg\" width=\"150\" height=\"150\" alt=\"\"\/><\/a><\/div><div class=\"rl-gallery-item\"><a href=\"https:\/\/www.locationvacances-lessablesdolonne.com\/wp-content\/uploads\/2018\/05\/WhatsApp-Image-2022-09-01-at-13.24.35.jpeg\" title=\"\" data-rl_title=\"\" class=\"rl-gallery-link\" data-rl_caption=\"\" data-rel=\"lightbox-gallery-1\"><img src=\"https:\/\/www.locationvacances-lessablesdolonne.com\/wp-content\/uploads\/2018\/05\/WhatsApp-Image-2022-09-01-at-13.24.35-150x150.jpeg\" width=\"150\" height=\"150\" alt=\"\"\/><\/a><\/div><div class=\"rl-gallery-item\"><a href=\"https:\/\/www.locationvacances-lessablesdolonne.com\/wp-content\/uploads\/2018\/05\/WhatsApp-Image-2022-09-01-at-13.26.09-1.jpeg\" title=\"\" data-rl_title=\"\" class=\"rl-gallery-link\" data-rl_caption=\"\" data-rel=\"lightbox-gallery-1\"><img src=\"https:\/\/www.locationvacances-lessablesdolonne.com\/wp-content\/uploads\/2018\/05\/WhatsApp-Image-2022-09-01-at-13.26.09-1-150x150.jpeg\" width=\"150\" height=\"150\" alt=\"\"\/><\/a><\/div><div class=\"rl-gallery-item\"><a href=\"https:\/\/www.locationvacances-lessablesdolonne.com\/wp-content\/uploads\/2018\/05\/WhatsApp-Image-2022-09-01-at-13.28.30.jpeg\" title=\"\" data-rl_title=\"\" class=\"rl-gallery-link\" data-rl_caption=\"\" data-rel=\"lightbox-gallery-1\"><img src=\"https:\/\/www.locationvacances-lessablesdolonne.com\/wp-content\/uploads\/2018\/05\/WhatsApp-Image-2022-09-01-at-13.28.30-150x150.jpeg\" width=\"150\" height=\"150\" alt=\"\"\/><\/a><\/div><div class=\"rl-gallery-item\"><a href=\"https:\/\/www.locationvacances-lessablesdolonne.com\/wp-content\/uploads\/2018\/05\/WhatsApp-Image-2022-09-05-at-08.16.44-2.jpeg\" title=\"\" data-rl_title=\"\" class=\"rl-gallery-link\" data-rl_caption=\"\" data-rel=\"lightbox-gallery-1\"><img src=\"https:\/\/www.locationvacances-lessablesdolonne.com\/wp-content\/uploads\/2018\/05\/WhatsApp-Image-2022-09-05-at-08.16.44-2-150x150.jpeg\" width=\"150\" height=\"150\" alt=\"\"\/><\/a><\/div><div class=\"rl-gallery-item\"><a href=\"https:\/\/www.locationvacances-lessablesdolonne.com\/wp-content\/uploads\/2018\/05\/WhatsApp-Image-2022-09-05-at-08.17.20.jpeg\" title=\"\" data-rl_title=\"\" class=\"rl-gallery-link\" data-rl_caption=\"\" data-rel=\"lightbox-gallery-1\"><img src=\"https:\/\/www.locationvacances-lessablesdolonne.com\/wp-content\/uploads\/2018\/05\/WhatsApp-Image-2022-09-05-at-08.17.20-150x150.jpeg\" width=\"150\" height=\"150\" alt=\"\"\/><\/a><\/div> <\/div> <\/div><\/h3>\n<p>D\u00e9couvrez nos Villas 4* aux Sables d&#8217;Olonne :<\/p>\n<h4><a href=\"https:\/\/www.locationvacances-lessablesdolonne.com\/en\/ma-vie-la_villa_10_personnes-vacances-mer\/\" target=\"_blank\" rel=\"noopener\">Villa Colombier piscine priv\u00e9e 4 chambres<\/a><\/h4>\n<h4><a href=\"https:\/\/www.locationvacances-lessablesdolonne.com\/en\/villa-tanchet-face-mer-plage-locations-6-8-personnes-vendee-mer\/\" target=\"_blank\" rel=\"noopener\">Villa Tanchet face mer 3 ou 4 chambres<\/a><\/h4>\n<h4><a href=\"https:\/\/www.locationvacances-lessablesdolonne.com\/en\/villa-arago-centre-ville-proche-grande-plage-port\/\">Appartement T2 Tanchet 2\/3 pers<\/a><\/h4>\n<p>&nbsp;<\/p>\n<p>Trouvez la Villa selon vos envies et votre mode de vie pour les vacances dont vous r\u00eavez !<\/p>\n<h4>Recherchez vos disponibilit\u00e9s de s\u00e9jour et r\u00e9servez en ligne et<\/h4>\n<p><strong>Nous sommes \u00e0 votre \u00e9coute pour vous guider\u00a0: une question, besoin d&#8217;un conseil ?\u00a0 Contactez-nous au +33 (0)6 48 99 74 99 <a href=\"https:\/\/www.locationvacances-lessablesdolonne.com\/en\/contact\/\">ou contact par mail<\/a><\/strong><\/p>\n<p>&nbsp;<\/p>\n<p>&nbsp;<\/p>\n<!-- AddThis Advanced Settings generic via filter on the_content --><!-- AddThis Share Buttons generic via filter on the_content -->","protected":false},"excerpt":{"rendered":"<p>&nbsp; &nbsp; Vous souhaitez r\u00e9server l&#8217;une de nos Villas ou appartement pour un s\u00e9jour aux Sables d&#8217;Olonne en Vend\u00e9e : PROFITEZ DE NOS OFFRES exclusives\u00a0 : D\u00e9couvrez nos Villas 4*&#8230;<!-- AddThis Advanced Settings generic via filter on get_the_excerpt --><!-- AddThis Share Buttons generic via filter on get_the_excerpt --><\/p>\n","protected":false},"author":1,"featured_media":2499,"parent":0,"menu_order":21,"comment_status":"closed","ping_status":"closed","template":"","meta":[],"_links":{"self":[{"href":"https:\/\/www.locationvacances-lessablesdolonne.com\/en\/wp-json\/wp\/v2\/pages\/1831"}],"collection":[{"href":"https:\/\/www.locationvacances-lessablesdolonne.com\/en\/wp-json\/wp\/v2\/pages"}],"about":[{"href":"https:\/\/www.locationvacances-lessablesdolonne.com\/en\/wp-json\/wp\/v2\/types\/page"}],"author":[{"embeddable":true,"href":"https:\/\/www.locationvacances-lessablesdolonne.com\/en\/wp-json\/wp\/v2\/users\/1"}],"replies":[{"embeddable":true,"href":"https:\/\/www.locationvacances-lessablesdolonne.com\/en\/wp-json\/wp\/v2\/comments?post=1831"}],"version-history":[{"count":8,"href":"https:\/\/www.locationvacances-lessablesdolonne.com\/en\/wp-json\/wp\/v2\/pages\/1831\/revisions"}],"predecessor-version":[{"id":5410,"href":"https:\/\/www.locationvacances-lessablesdolonne.com\/en\/wp-json\/wp\/v2\/pages\/1831\/revisions\/5410"}],"wp:featuredmedia":[{"embeddable":true,"href":"https:\/\/www.locationvacances-lessablesdolonne.com\/en\/wp-json\/wp\/v2\/media\/2499"}],"wp:attachment":[{"href":"https:\/\/www.locationvacances-lessablesdolonne.com\/en\/wp-json\/wp\/v2\/media?parent=1831"}],"curies":[{"name":"wp","href":"https:\/\/api.w.org\/{rel}","templated":true}]}}