{"id":663,"date":"2014-10-06T10:41:15","date_gmt":"2014-10-06T09:41:15","guid":{"rendered":"http:\/\/www.locationvacances-lessablesdolonne.com\/en\/a-proximite\/"},"modified":"2023-11-16T13:47:55","modified_gmt":"2023-11-16T12:47:55","slug":"a-proximite-sorties-evenements-activites-mer-vendee","status":"publish","type":"page","link":"https:\/\/www.locationvacances-lessablesdolonne.com\/en\/a-proximite-sorties-evenements-activites-mer-vendee\/","title":{"rendered":"A proximit\u00e9"},"content":{"rendered":"<h5><strong>Olonne-sur-Mer, Le Ch\u00e2teau d&#8217;Olonne,\u00a0 Les Sables d&#8217;Olonne sorties, activit\u00e9s, \u00e9v\u00e8nements en Vend\u00e9e&#8230;<\/strong><\/h5>\n<p class=\"contenu\"><strong>NATURE et RANDOS<\/strong><\/p>\n<p class=\"contenu\">Savourer l&#8217;authenticit\u00e9 d&#8217; une nature en libert\u00e9 sur les communes des Sables d&#8217;Olonne, le Ch\u00e2teau d&#8217;Olonne, Olonne sur Mer&#8230;A pied, \u00e0 v\u00e9lo, parcourez les nombreux circuits de randonn\u00e9es p\u00e9destres et cyclables, afin de d\u00e9couvrir des paysages riches et vari\u00e9s du littoral vert en sillonnant les marais, la for\u00eat domaniale d&#8217;Olonne, la C\u00f4te sauvage du Pays des Olonnes !<\/p>\n<p class=\"contenu\">La piste cyclable La V\u00e9lodyss\u00e9e\u00ae (Eurov\u00e9loroute atlantique de 1 200 km de Roscoff \u00e0 Hendaye et qui longe tout le littoral du Pays des Olonnes) passe \u00e0 300m de la Villa Colombier. et vous permet, en longeant le bord de mer, de rejoindre la plage de Tanchet \u00e0 900m et le centre des Sables-d\u2019Olonne.<\/p>\n<p class=\"contenu\"><strong>MARCHE ARAGO<\/strong><\/p>\n<p class=\"contenu\">March\u00e9 alimentaire couvert tous les matins de 8h \u00e0 13h.<br \/>\nMarch\u00e9 forain en ext\u00e9rieur le mardi, vendredi, dimanche et jour f\u00e9ri\u00e9 de 8h \u00e0 13h.<\/p>\n<p><strong>LA PLAGE DE TANCHET ( \u00e0 900m)<\/strong> Cette plage de sable fin est tr\u00e8s conviviale &#8230; Elle est appr\u00e9ci\u00e9e pour la baignade familiale. La plage est aussi un spot de surf tr\u00e8s couru par les amateurs des sports et loisirs de glisse. On ne compte plus le nombre de comp\u00e9titions locales, nationales et internationales, r\u00e9guli\u00e8rement organis\u00e9es ici. Bord\u00e9e par une piste cyclable, une promenade pi\u00e9tonni\u00e8re, et des aires de stationnement, la plage est facilement accessible. &#8220;Ma Vie L\u00e0&#8221;\u00a0 est \u00e0 proximit\u00e9 du Zoo des Sables d&#8217;Olonne, des Casinos, de l&#8217;Hypodrome, du remblai des Sables, de nombreux bars et restaurants \u00e0 th\u00e8me, des Atlantes et de nombreuses activit\u00e9s&#8230;<\/p>\n<p><strong>SPORTS NAUTIQUES<\/strong><\/p>\n<div id=\"onglet-description\" class=\"ui-tabs-panel ui-widget-content ui-corner-bottom\">\n<p class=\"padding-bottom: 14px\">Plaisir et sensations vous attendent sur l&#8217;eau avec l&#8217;\u00e9cole de voile des Sports Nautiques Sablais !<br \/>\nToute l&#8217;ann\u00e9e, venez vous initier ou vous perfectionner \u00e0 la voile sur nos voiliers de 8 \u00e0 12 m\u00e8tres (J80 et Oc\u00e9anis 37).<br \/>\nBapt\u00eames en mer, stages d&#8217;initiation et de perfectionnement manoeuvre \u00e0 la voile et croisi\u00e8res au large des Sables d&#8217;Olonne s&#8217;offrent \u00e0 vous.<br \/>\nVous \u00eates une entreprise alors confiez-nous vos \u00e9quipes durant une 1\/2 journ\u00e9e pour une sortie coh\u00e9sion d&#8217;entreprise &#8230;<br \/>\nEtablissement labellis\u00e9 EFVoile.<\/p>\n<p>Ouvert du 1er juillet au 31 ao\u00fbt 2015 du lundi au vendredi de 9h \u00e0 12h et de 14h \u00e0 18h, samedi fermeture \u00e0 17h.<br \/>\nLe reste de l&#8217;ann\u00e9e du mardi au samedi de 9h \u00e0 12h et de 14h \u00e0 18h. <strong>Ouvert toute l&#8217;ann\u00e9e<\/strong><\/p>\n<div align=\"justify\"><strong>Activit\u00e9s en station :\u00a0<\/strong><br \/>\nSports nautiques, char \u00e0 voile, promenades et p\u00eache en mer, p\u00e9tanque, clubs enfants en saison, \u00e9quitation, randonn\u00e9e VTT, tennis, golf, thalassoth\u00e9rapie, zoo&#8230;<\/div>\n<div align=\"justify\"><strong>A d\u00e9couvrir :<\/strong><\/div>\n<div align=\"justify\">&#8211; Les marais du pays des Sables-d\u2019Olonne : site prot\u00e9g\u00e9 de 1 300 hectares. Visites en bateau promenade ou d\u00e9couverte des exploitations<br \/>\n&#8211; Le ch\u00e2teau Saint Clair : construit au XVe si\u00e8cle, il abrite le mus\u00e9e de la Mer et de la p\u00eache<br \/>\n&#8211; Le zoo des Sables : oasis verdoyante en bord de mer, au milieu d\u2019une v\u00e9g\u00e9tation luxuriante, \u00e0 la rencontre de plus de 200 animaux<br \/>\n&#8211; Mus\u00e9um du Coquillage : collection priv\u00e9e unique en Europe de 45 000 coquillages tropicaux du monde entier<br \/>\n&#8211; Le mus\u00e9e de l\u2019Automobile de Vend\u00e9e \u00e0 Talmont-Saint-Hilaire (13 km) : une collection unique de 160 v\u00e9hicules, dont 45 marques de 1885 aux ann\u00e9es 70<br \/>\n&#8211; L\u2019aquarium Le 7e continent \u00e0 Talmont-Saint-Hilaire (13 km) : \u00e9quip\u00e9 de bassins \u00e0 ciel ouvert, il permet \u00e0 des esp\u00e8ces rares d\u2019y retrouver les rep\u00e8res propres \u00e0 leur milieu naturel<br \/>\n&#8211; Vend\u00e9e Miniature \u00e0 Br\u00e9tignolles-sur-Mer (19 km) : un monde en miniature, au 1\/10e ! 650 personnages font vivre ce village du bocage aux couleurs vend\u00e9ennes<br \/>\n&#8211; Le Cairn, centre de la pr\u00e9histoire, \u00e0 Saint-Hilaire-la-For\u00eat (21 km) : parc ombrag\u00e9 dans lequel on d\u00e9couvre la Vend\u00e9e pr\u00e9historique \u00e0 travers des reconstitutions, des d\u00e9monstrations et des animations<br \/>\n&#8211; La Folie de Finfarine \u00e0 Poiroux (22 km) : site touristique et p\u00e9dagogique sur le th\u00e8me de la nature et des abeilles. D\u00e9gustation de produits de la ruche, 2 parcours de d\u00e9couverte pour explorer la nature<br \/>\n&#8211; Le Grand Parc du Puy-du-Fou, aux \u00c9pesses (95 km) : un parc d\u2019attraction \u00e0 th\u00e8mes pour vivre des animations au temps des gladiateurs, des Vikings, des mousquetaires, d\u00e9couvrir le parc animalier, le parc floral&#8230;\n\t\t<style type=\"text\/css\">\n\t\t\t#gallery-1 {\n\t\t\t\tmargin: auto;\n\t\t\t}\n\t\t\t#gallery-1 .gallery-item {\n\t\t\t\tfloat: left;\n\t\t\t\tmargin-top: 10px;\n\t\t\t\ttext-align: center;\n\t\t\t\twidth: 33%;\n\t\t\t}\n\t\t\t#gallery-1 img {\n\t\t\t\tborder: 2px solid #cfcfcf;\n\t\t\t}\n\t\t\t#gallery-1 .gallery-caption {\n\t\t\t\tmargin-left: 0;\n\t\t\t}\n\t\t\t\/* see gallery_shortcode() in wp-includes\/media.php *\/\n\t\t<\/style>\n\t\t<div id='gallery-1' class='gallery galleryid-663 gallery-columns-3 gallery-size-thumbnail'><dl class='gallery-item'>\n\t\t\t<dt class='gallery-icon landscape'>\n\t\t\t\t<a href='https:\/\/www.locationvacances-lessablesdolonne.com\/wp-content\/uploads\/2019\/09\/fotolia_8653783.jpg' title=\"\" data-rl_title=\"\" class=\"rl-gallery-link\" data-rl_caption=\"\" data-rel=\"lightbox-gallery-1\"><img width=\"150\" height=\"150\" src=\"https:\/\/www.locationvacances-lessablesdolonne.com\/wp-content\/uploads\/2019\/09\/fotolia_8653783-150x150.jpg\" class=\"attachment-thumbnail size-thumbnail\" alt=\"\" decoding=\"async\" loading=\"lazy\" srcset=\"https:\/\/www.locationvacances-lessablesdolonne.com\/wp-content\/uploads\/2019\/09\/fotolia_8653783-150x150.jpg 150w, https:\/\/www.locationvacances-lessablesdolonne.com\/wp-content\/uploads\/2019\/09\/fotolia_8653783-208x208.jpg 208w\" sizes=\"(max-width: 150px) 100vw, 150px\" \/><\/a>\n\t\t\t<\/dt><\/dl><dl class='gallery-item'>\n\t\t\t<dt class='gallery-icon landscape'>\n\t\t\t\t<a href='https:\/\/www.locationvacances-lessablesdolonne.com\/wp-content\/uploads\/2014\/10\/a5.jpg' title=\"\" data-rl_title=\"\" class=\"rl-gallery-link\" data-rl_caption=\"\" data-rel=\"lightbox-gallery-1\"><img width=\"150\" height=\"150\" src=\"https:\/\/www.locationvacances-lessablesdolonne.com\/wp-content\/uploads\/2014\/10\/a5-150x150.jpg\" class=\"attachment-thumbnail size-thumbnail\" alt=\"\" decoding=\"async\" loading=\"lazy\" srcset=\"https:\/\/www.locationvacances-lessablesdolonne.com\/wp-content\/uploads\/2014\/10\/a5-150x150.jpg 150w, https:\/\/www.locationvacances-lessablesdolonne.com\/wp-content\/uploads\/2014\/10\/a5-208x208.jpg 208w, https:\/\/www.locationvacances-lessablesdolonne.com\/wp-content\/uploads\/2014\/10\/a5-450x450.jpg 450w\" sizes=\"(max-width: 150px) 100vw, 150px\" \/><\/a>\n\t\t\t<\/dt><\/dl><dl class='gallery-item'>\n\t\t\t<dt class='gallery-icon landscape'>\n\t\t\t\t<a href='https:\/\/www.locationvacances-lessablesdolonne.com\/wp-content\/uploads\/2014\/10\/1395450211105-e1412619795597.jpg' title=\"\" data-rl_title=\"\" class=\"rl-gallery-link\" data-rl_caption=\"\" data-rel=\"lightbox-gallery-1\"><img width=\"150\" height=\"150\" src=\"https:\/\/www.locationvacances-lessablesdolonne.com\/wp-content\/uploads\/2014\/10\/1395450211105-e1412619795597-150x150.jpg\" class=\"attachment-thumbnail size-thumbnail\" alt=\"\" decoding=\"async\" loading=\"lazy\" srcset=\"https:\/\/www.locationvacances-lessablesdolonne.com\/wp-content\/uploads\/2014\/10\/1395450211105-e1412619795597-150x150.jpg 150w, https:\/\/www.locationvacances-lessablesdolonne.com\/wp-content\/uploads\/2014\/10\/1395450211105-e1412619795597-208x208.jpg 208w, https:\/\/www.locationvacances-lessablesdolonne.com\/wp-content\/uploads\/2014\/10\/1395450211105-e1412619795597-450x450.jpg 450w\" sizes=\"(max-width: 150px) 100vw, 150px\" \/><\/a>\n\t\t\t<\/dt><\/dl><br style=\"clear: both\" \/><dl class='gallery-item'>\n\t\t\t<dt class='gallery-icon landscape'>\n\t\t\t\t<a href='https:\/\/www.locationvacances-lessablesdolonne.com\/wp-content\/uploads\/2014\/10\/hippo.jpg' title=\"\" data-rl_title=\"\" class=\"rl-gallery-link\" data-rl_caption=\"\" data-rel=\"lightbox-gallery-1\"><img width=\"150\" height=\"150\" src=\"https:\/\/www.locationvacances-lessablesdolonne.com\/wp-content\/uploads\/2014\/10\/hippo-150x150.jpg\" class=\"attachment-thumbnail size-thumbnail\" alt=\"\" decoding=\"async\" loading=\"lazy\" srcset=\"https:\/\/www.locationvacances-lessablesdolonne.com\/wp-content\/uploads\/2014\/10\/hippo-150x150.jpg 150w, https:\/\/www.locationvacances-lessablesdolonne.com\/wp-content\/uploads\/2014\/10\/hippo-208x208.jpg 208w\" sizes=\"(max-width: 150px) 100vw, 150px\" \/><\/a>\n\t\t\t<\/dt><\/dl><dl class='gallery-item'>\n\t\t\t<dt class='gallery-icon landscape'>\n\t\t\t\t<a href='https:\/\/www.locationvacances-lessablesdolonne.com\/wp-content\/uploads\/2014\/10\/photo-633978007600548780-1.jpg' title=\"\" data-rl_title=\"\" class=\"rl-gallery-link\" data-rl_caption=\"\" data-rel=\"lightbox-gallery-1\"><img width=\"150\" height=\"150\" src=\"https:\/\/www.locationvacances-lessablesdolonne.com\/wp-content\/uploads\/2014\/10\/photo-633978007600548780-1-150x150.jpg\" class=\"attachment-thumbnail size-thumbnail\" alt=\"\" decoding=\"async\" loading=\"lazy\" srcset=\"https:\/\/www.locationvacances-lessablesdolonne.com\/wp-content\/uploads\/2014\/10\/photo-633978007600548780-1-150x150.jpg 150w, https:\/\/www.locationvacances-lessablesdolonne.com\/wp-content\/uploads\/2014\/10\/photo-633978007600548780-1-208x208.jpg 208w, https:\/\/www.locationvacances-lessablesdolonne.com\/wp-content\/uploads\/2014\/10\/photo-633978007600548780-1-450x450.jpg 450w\" sizes=\"(max-width: 150px) 100vw, 150px\" \/><\/a>\n\t\t\t<\/dt><\/dl><dl class='gallery-item'>\n\t\t\t<dt class='gallery-icon landscape'>\n\t\t\t\t<a href='https:\/\/www.locationvacances-lessablesdolonne.com\/wp-content\/uploads\/2014\/10\/Museum-du-coquillage.jpg' title=\"\" data-rl_title=\"\" class=\"rl-gallery-link\" data-rl_caption=\"\" data-rel=\"lightbox-gallery-1\"><img width=\"150\" height=\"150\" src=\"https:\/\/www.locationvacances-lessablesdolonne.com\/wp-content\/uploads\/2014\/10\/Museum-du-coquillage-150x150.jpg\" class=\"attachment-thumbnail size-thumbnail\" alt=\"\" decoding=\"async\" loading=\"lazy\" srcset=\"https:\/\/www.locationvacances-lessablesdolonne.com\/wp-content\/uploads\/2014\/10\/Museum-du-coquillage-150x150.jpg 150w, https:\/\/www.locationvacances-lessablesdolonne.com\/wp-content\/uploads\/2014\/10\/Museum-du-coquillage-208x208.jpg 208w, https:\/\/www.locationvacances-lessablesdolonne.com\/wp-content\/uploads\/2014\/10\/Museum-du-coquillage-450x450.jpg 450w\" sizes=\"(max-width: 150px) 100vw, 150px\" \/><\/a>\n\t\t\t<\/dt><\/dl><br style=\"clear: both\" \/><dl class='gallery-item'>\n\t\t\t<dt class='gallery-icon landscape'>\n\t\t\t\t<a href='https:\/\/www.locationvacances-lessablesdolonne.com\/wp-content\/uploads\/2014\/10\/vendee-globe.jpg' title=\"\" data-rl_title=\"\" class=\"rl-gallery-link\" data-rl_caption=\"\" data-rel=\"lightbox-gallery-1\"><img width=\"150\" height=\"150\" src=\"https:\/\/www.locationvacances-lessablesdolonne.com\/wp-content\/uploads\/2014\/10\/vendee-globe-150x150.jpg\" class=\"attachment-thumbnail size-thumbnail\" alt=\"\" decoding=\"async\" loading=\"lazy\" srcset=\"https:\/\/www.locationvacances-lessablesdolonne.com\/wp-content\/uploads\/2014\/10\/vendee-globe-150x150.jpg 150w, https:\/\/www.locationvacances-lessablesdolonne.com\/wp-content\/uploads\/2014\/10\/vendee-globe-208x208.jpg 208w\" sizes=\"(max-width: 150px) 100vw, 150px\" \/><\/a>\n\t\t\t<\/dt><\/dl><dl class='gallery-item'>\n\t\t\t<dt class='gallery-icon landscape'>\n\t\t\t\t<a href='https:\/\/www.locationvacances-lessablesdolonne.com\/wp-content\/uploads\/2014\/10\/casino-barriere-les-atlantes5.jpg' title=\"\" data-rl_title=\"\" class=\"rl-gallery-link\" data-rl_caption=\"\" data-rel=\"lightbox-gallery-1\"><img width=\"150\" height=\"150\" src=\"https:\/\/www.locationvacances-lessablesdolonne.com\/wp-content\/uploads\/2014\/10\/casino-barriere-les-atlantes5-150x150.jpg\" class=\"attachment-thumbnail size-thumbnail\" alt=\"\" decoding=\"async\" loading=\"lazy\" srcset=\"https:\/\/www.locationvacances-lessablesdolonne.com\/wp-content\/uploads\/2014\/10\/casino-barriere-les-atlantes5-150x150.jpg 150w, https:\/\/www.locationvacances-lessablesdolonne.com\/wp-content\/uploads\/2014\/10\/casino-barriere-les-atlantes5-208x208.jpg 208w, https:\/\/www.locationvacances-lessablesdolonne.com\/wp-content\/uploads\/2014\/10\/casino-barriere-les-atlantes5-450x450.jpg 450w\" sizes=\"(max-width: 150px) 100vw, 150px\" \/><\/a>\n\t\t\t<\/dt><\/dl><dl class='gallery-item'>\n\t\t\t<dt class='gallery-icon landscape'>\n\t\t\t\t<a href='https:\/\/www.locationvacances-lessablesdolonne.com\/wp-content\/uploads\/2014\/10\/victoire-vendee-globe.jpg' title=\"\" data-rl_title=\"\" class=\"rl-gallery-link\" data-rl_caption=\"\" data-rel=\"lightbox-gallery-1\"><img width=\"150\" height=\"150\" src=\"https:\/\/www.locationvacances-lessablesdolonne.com\/wp-content\/uploads\/2014\/10\/victoire-vendee-globe-150x150.jpg\" class=\"attachment-thumbnail size-thumbnail\" alt=\"\" decoding=\"async\" loading=\"lazy\" \/><\/a>\n\t\t\t<\/dt><\/dl><br style=\"clear: both\" \/><dl class='gallery-item'>\n\t\t\t<dt class='gallery-icon landscape'>\n\t\t\t\t<a href='https:\/\/www.locationvacances-lessablesdolonne.com\/wp-content\/uploads\/2014\/10\/petit-train1.jpg' title=\"\" data-rl_title=\"\" class=\"rl-gallery-link\" data-rl_caption=\"\" data-rel=\"lightbox-gallery-1\"><img width=\"150\" height=\"150\" src=\"https:\/\/www.locationvacances-lessablesdolonne.com\/wp-content\/uploads\/2014\/10\/petit-train1-150x150.jpg\" class=\"attachment-thumbnail size-thumbnail\" alt=\"\" decoding=\"async\" loading=\"lazy\" aria-describedby=\"gallery-1-642\" srcset=\"https:\/\/www.locationvacances-lessablesdolonne.com\/wp-content\/uploads\/2014\/10\/petit-train1-150x150.jpg 150w, https:\/\/www.locationvacances-lessablesdolonne.com\/wp-content\/uploads\/2014\/10\/petit-train1-208x208.jpg 208w, https:\/\/www.locationvacances-lessablesdolonne.com\/wp-content\/uploads\/2014\/10\/petit-train1-450x450.jpg 450w\" sizes=\"(max-width: 150px) 100vw, 150px\" \/><\/a>\n\t\t\t<\/dt>\n\t\t\t\t<dd class='wp-caption-text gallery-caption' id='gallery-1-642'>\n\t\t\t\tOLYMPUS DIGITAL CAMERA\n\t\t\t\t<\/dd><\/dl><dl class='gallery-item'>\n\t\t\t<dt class='gallery-icon landscape'>\n\t\t\t\t<a href='https:\/\/www.locationvacances-lessablesdolonne.com\/wp-content\/uploads\/2023\/11\/golf-2-1.jpg' title=\"\" data-rl_title=\"\" class=\"rl-gallery-link\" data-rl_caption=\"\" data-rel=\"lightbox-gallery-1\"><img width=\"150\" height=\"150\" src=\"https:\/\/www.locationvacances-lessablesdolonne.com\/wp-content\/uploads\/2023\/11\/golf-2-1-150x150.jpg\" class=\"attachment-thumbnail size-thumbnail\" alt=\"\" decoding=\"async\" loading=\"lazy\" srcset=\"https:\/\/www.locationvacances-lessablesdolonne.com\/wp-content\/uploads\/2023\/11\/golf-2-1-150x150.jpg 150w, https:\/\/www.locationvacances-lessablesdolonne.com\/wp-content\/uploads\/2023\/11\/golf-2-1-208x208.jpg 208w, https:\/\/www.locationvacances-lessablesdolonne.com\/wp-content\/uploads\/2023\/11\/golf-2-1-450x450.jpg 450w\" sizes=\"(max-width: 150px) 100vw, 150px\" \/><\/a>\n\t\t\t<\/dt><\/dl><dl class='gallery-item'>\n\t\t\t<dt class='gallery-icon portrait'>\n\t\t\t\t<a href='https:\/\/www.locationvacances-lessablesdolonne.com\/wp-content\/uploads\/2023\/11\/golf-3.jpg' title=\"\" data-rl_title=\"\" class=\"rl-gallery-link\" data-rl_caption=\"\" data-rel=\"lightbox-gallery-1\"><img width=\"150\" height=\"150\" src=\"https:\/\/www.locationvacances-lessablesdolonne.com\/wp-content\/uploads\/2023\/11\/golf-3-150x150.jpg\" class=\"attachment-thumbnail size-thumbnail\" alt=\"\" decoding=\"async\" loading=\"lazy\" srcset=\"https:\/\/www.locationvacances-lessablesdolonne.com\/wp-content\/uploads\/2023\/11\/golf-3-150x150.jpg 150w, https:\/\/www.locationvacances-lessablesdolonne.com\/wp-content\/uploads\/2023\/11\/golf-3-208x208.jpg 208w, https:\/\/www.locationvacances-lessablesdolonne.com\/wp-content\/uploads\/2023\/11\/golf-3-450x450.jpg 450w\" sizes=\"(max-width: 150px) 100vw, 150px\" \/><\/a>\n\t\t\t<\/dt><\/dl><br style=\"clear: both\" \/><dl class='gallery-item'>\n\t\t\t<dt class='gallery-icon landscape'>\n\t\t\t\t<a href='https:\/\/www.locationvacances-lessablesdolonne.com\/wp-content\/uploads\/2023\/11\/golf-4-1.jpg' title=\"\" data-rl_title=\"\" class=\"rl-gallery-link\" data-rl_caption=\"\" data-rel=\"lightbox-gallery-1\"><img width=\"150\" height=\"150\" src=\"https:\/\/www.locationvacances-lessablesdolonne.com\/wp-content\/uploads\/2023\/11\/golf-4-1-150x150.jpg\" class=\"attachment-thumbnail size-thumbnail\" alt=\"\" decoding=\"async\" loading=\"lazy\" srcset=\"https:\/\/www.locationvacances-lessablesdolonne.com\/wp-content\/uploads\/2023\/11\/golf-4-1-150x150.jpg 150w, https:\/\/www.locationvacances-lessablesdolonne.com\/wp-content\/uploads\/2023\/11\/golf-4-1-208x208.jpg 208w, https:\/\/www.locationvacances-lessablesdolonne.com\/wp-content\/uploads\/2023\/11\/golf-4-1-450x450.jpg 450w\" sizes=\"(max-width: 150px) 100vw, 150px\" \/><\/a>\n\t\t\t<\/dt><\/dl><dl class='gallery-item'>\n\t\t\t<dt class='gallery-icon landscape'>\n\t\t\t\t<a href='https:\/\/www.locationvacances-lessablesdolonne.com\/wp-content\/uploads\/2023\/11\/golf-1.jpg' title=\"\" data-rl_title=\"\" class=\"rl-gallery-link\" data-rl_caption=\"\" data-rel=\"lightbox-gallery-1\"><img width=\"150\" height=\"150\" src=\"https:\/\/www.locationvacances-lessablesdolonne.com\/wp-content\/uploads\/2023\/11\/golf-1-150x150.jpg\" class=\"attachment-thumbnail size-thumbnail\" alt=\"\" decoding=\"async\" loading=\"lazy\" srcset=\"https:\/\/www.locationvacances-lessablesdolonne.com\/wp-content\/uploads\/2023\/11\/golf-1-150x150.jpg 150w, https:\/\/www.locationvacances-lessablesdolonne.com\/wp-content\/uploads\/2023\/11\/golf-1-208x208.jpg 208w, https:\/\/www.locationvacances-lessablesdolonne.com\/wp-content\/uploads\/2023\/11\/golf-1-450x450.jpg 450w\" sizes=\"(max-width: 150px) 100vw, 150px\" \/><\/a>\n\t\t\t<\/dt><\/dl><dl class='gallery-item'>\n\t\t\t<dt class='gallery-icon landscape'>\n\t\t\t\t<a href='https:\/\/www.locationvacances-lessablesdolonne.com\/wp-content\/uploads\/2023\/11\/GolfLaFautesurMer9_792x528-1.jpg' title=\"\" data-rl_title=\"\" class=\"rl-gallery-link\" data-rl_caption=\"\" data-rel=\"lightbox-gallery-1\"><img width=\"150\" height=\"150\" src=\"https:\/\/www.locationvacances-lessablesdolonne.com\/wp-content\/uploads\/2023\/11\/GolfLaFautesurMer9_792x528-1-150x150.jpg\" class=\"attachment-thumbnail size-thumbnail\" alt=\"\" decoding=\"async\" loading=\"lazy\" srcset=\"https:\/\/www.locationvacances-lessablesdolonne.com\/wp-content\/uploads\/2023\/11\/GolfLaFautesurMer9_792x528-1-150x150.jpg 150w, https:\/\/www.locationvacances-lessablesdolonne.com\/wp-content\/uploads\/2023\/11\/GolfLaFautesurMer9_792x528-1-208x208.jpg 208w, https:\/\/www.locationvacances-lessablesdolonne.com\/wp-content\/uploads\/2023\/11\/GolfLaFautesurMer9_792x528-1-450x450.jpg 450w\" sizes=\"(max-width: 150px) 100vw, 150px\" \/><\/a>\n\t\t\t<\/dt><\/dl><br style=\"clear: both\" \/>\n\t\t<\/div>\n<\/div>\n<\/div>\n<p><a href=\"http:\/\/www.locationvacances-lessablesdolonne.com\/wp-content\/uploads\/2014\/10\/cote-sauvage-jour.jpg\" data-rel=\"lightbox-image-15\" data-rl_title=\"\" data-rl_caption=\"\" title=\"\"><img decoding=\"async\" loading=\"lazy\" class=\"alignleft size-medium wp-image-748\" src=\"http:\/\/www.locationvacances-lessablesdolonne.com\/wp-content\/uploads\/2014\/10\/cote-sauvage-jour-300x225.jpg\" alt=\"cote sauvage jour\" width=\"300\" height=\"225\" srcset=\"https:\/\/www.locationvacances-lessablesdolonne.com\/wp-content\/uploads\/2014\/10\/cote-sauvage-jour-300x225.jpg 300w, https:\/\/www.locationvacances-lessablesdolonne.com\/wp-content\/uploads\/2014\/10\/cote-sauvage-jour-1024x768.jpg 1024w, https:\/\/www.locationvacances-lessablesdolonne.com\/wp-content\/uploads\/2014\/10\/cote-sauvage-jour.jpg 1632w\" sizes=\"(max-width: 300px) 100vw, 300px\" \/><\/a><a href=\"http:\/\/www.locationvacances-lessablesdolonne.com\/wp-content\/uploads\/2016\/01\/12644985_1762647330636395_3716751727977024069_n.jpg\" data-rel=\"lightbox-image-16\" data-rl_title=\"\" data-rl_caption=\"\" title=\"\"><img decoding=\"async\" loading=\"lazy\" class=\"alignleft size-medium wp-image-983\" src=\"http:\/\/www.locationvacances-lessablesdolonne.com\/wp-content\/uploads\/2016\/01\/12644985_1762647330636395_3716751727977024069_n-300x225.jpg\" alt=\"12644985_1762647330636395_3716751727977024069_n\" width=\"300\" height=\"225\" srcset=\"https:\/\/www.locationvacances-lessablesdolonne.com\/wp-content\/uploads\/2016\/01\/12644985_1762647330636395_3716751727977024069_n-300x225.jpg 300w, https:\/\/www.locationvacances-lessablesdolonne.com\/wp-content\/uploads\/2016\/01\/12644985_1762647330636395_3716751727977024069_n.jpg 960w\" sizes=\"(max-width: 300px) 100vw, 300px\" \/><\/a><\/p>\n<!-- AddThis Advanced Settings generic via filter on the_content --><!-- AddThis Share Buttons generic via filter on the_content -->","protected":false},"excerpt":{"rendered":"<p>Olonne-sur-Mer, Le Ch\u00e2teau d&#8217;Olonne,\u00a0 Les Sables d&#8217;Olonne sorties, activit\u00e9s, \u00e9v\u00e8nements en Vend\u00e9e&#8230; NATURE et RANDOS Savourer l&#8217;authenticit\u00e9 d&#8217; une nature en libert\u00e9 sur les communes des Sables d&#8217;Olonne, le Ch\u00e2teau&#8230;<!-- AddThis Advanced Settings generic via filter on get_the_excerpt --><!-- AddThis Share Buttons generic via filter on get_the_excerpt --><\/p>\n","protected":false},"author":1,"featured_media":627,"parent":0,"menu_order":41,"comment_status":"closed","ping_status":"closed","template":"template-atractions.php","meta":[],"_links":{"self":[{"href":"https:\/\/www.locationvacances-lessablesdolonne.com\/en\/wp-json\/wp\/v2\/pages\/663"}],"collection":[{"href":"https:\/\/www.locationvacances-lessablesdolonne.com\/en\/wp-json\/wp\/v2\/pages"}],"about":[{"href":"https:\/\/www.locationvacances-lessablesdolonne.com\/en\/wp-json\/wp\/v2\/types\/page"}],"author":[{"embeddable":true,"href":"https:\/\/www.locationvacances-lessablesdolonne.com\/en\/wp-json\/wp\/v2\/users\/1"}],"replies":[{"embeddable":true,"href":"https:\/\/www.locationvacances-lessablesdolonne.com\/en\/wp-json\/wp\/v2\/comments?post=663"}],"version-history":[{"count":1,"href":"https:\/\/www.locationvacances-lessablesdolonne.com\/en\/wp-json\/wp\/v2\/pages\/663\/revisions"}],"predecessor-version":[{"id":4914,"href":"https:\/\/www.locationvacances-lessablesdolonne.com\/en\/wp-json\/wp\/v2\/pages\/663\/revisions\/4914"}],"wp:featuredmedia":[{"embeddable":true,"href":"https:\/\/www.locationvacances-lessablesdolonne.com\/en\/wp-json\/wp\/v2\/media\/627"}],"wp:attachment":[{"href":"https:\/\/www.locationvacances-lessablesdolonne.com\/en\/wp-json\/wp\/v2\/media?parent=663"}],"curies":[{"name":"wp","href":"https:\/\/api.w.org\/{rel}","templated":true}]}}